{"id":63,"date":"2019-09-03T15:11:03","date_gmt":"2019-09-03T15:11:03","guid":{"rendered":"https:\/\/waitukaitis.pages.ist.ac.at\/?page_id=63"},"modified":"2023-09-14T15:45:07","modified_gmt":"2023-09-14T15:45:07","slug":"in-the-news","status":"publish","type":"page","link":"https:\/\/waitukaitis.pages.ist.ac.at\/?page_id=63","title":{"rendered":"Press"},"content":{"rendered":"\n<p>*<strong><a href=\"https:\/\/www.nature.com\/articles\/s41567-019-0684-4\">A fold strategy<\/a>,<\/strong> <em>Nature Physics<\/em> <em>News and Views<\/em>, October (2019)<\/p>\n\n\n\n<p>*<strong><a href=\"https:\/\/www.sciencemag.org\/news\/2019\/10\/new-wrinkle-origami-turns-designing-folding-structures-child-s-play\">New wrinkle on origami turns designing folding structures into child&#8217;s play<\/a><\/strong>, <em>Science News<\/em>, October (2019)<\/p>\n\n\n\n<p><strong><a href=\"https:\/\/www.ntvn.nl\/\">Een ongewoon Leidenfrosteffect<\/a><\/strong>, <em>Nederlandse Tijdschrift voor Natuurkunde<\/em>, June (2018)<\/p>\n\n\n\n<p><strong><a href=\"https:\/\/issuu.com\/amsterdamscience\/docs\/scienceamsterdammagazine_2018_1_web_c0b7fbe0e62152\">Pancake Science<\/a><\/strong>, <em>Amsterdam Science<\/em>, May (2018)<\/p>\n\n\n\n<p><strong><a href=\"http:\/\/www.iflscience.com\/physics\/physicist-saw-video-on-iflscience-and-ended-up-writing-a-scientific-study-about-it\/\">Physicist saw a video on IFLScience and ended up writing a scientific study about it<\/a><\/strong>,&nbsp;<em>IFLScience<\/em>, October (2017)<\/p>\n\n\n\n<p><strong>*<\/strong><a href=\"http:\/\/blogs.discovermagazine.com\/d-brief\/2017\/07\/26\/physics-dancing-balls\/#.WdJdRBOCyRs\"><strong>Dancing balls lead to a physics discovery<\/strong><\/a><strong><em>, <\/em><\/strong><em>Discover<\/em>, July (2017)<\/p>\n\n\n\n<p><a href=\"https:\/\/www.google.nl\/search?q=Springende+gelballetjes+piepen+in+de+koekepan&amp;oq=Springende+gelballetjes+piepen+in+de+koekepan&amp;aqs=chrome..69i57j69i60.492j0j4&amp;sourceid=chrome&amp;ie=UTF-8\"><strong>Springende gelballetjes piepen in de koekepan<\/strong><\/a><strong><em>, <\/em><\/strong><em>NRC Handelsblad<\/em>, July (2017)<\/p>\n\n\n\n<p><a href=\"http:\/\/www.engineersonline.nl\/nieuws\/id28630-waarom-balletjes-op-een-hete-plaat-piepen-en-springen-video.html\"><strong>Waarom balletjes op een hete plaat piepen en springen<\/strong><\/a><strong>, <\/strong><em>Engineers Online, <\/em>July (2017)<\/p>\n\n\n\n<p><a href=\"http:\/\/www.pro-physik.de\/details\/news\/10595270\/Huepfendes_Hydrogel_als_Mikroantrieb.html\"><strong>H\u00fcpfendes hydrogel als mikroantrieb<\/strong><\/a>, <em>pro-physik.de, <\/em>July (2017)<\/p>\n\n\n\n<p><a href=\"https:\/\/www.kijkmagazine.nl\/science\/waarom-hydrogelballetjes-gillen-stuiteren\/\"><strong>Waarom deze balletjes gillen en stuiteren in een hete pan<\/strong><\/a><strong><em>, <\/em><\/strong><em>Kijk Magazine<\/em>, July(2017)<\/p>\n\n\n\n<p>*<a href=\"https:\/\/www.washingtonpost.com\/news\/speaking-of-science\/wp\/2017\/07\/24\/these-bouncing-balls-on-a-hot-pan-led-to-a-new-physics-discovery\/?utm_term=.aa54b5d43450\"><strong>These bouncing balls on a hot pan led to a new physics discovery<\/strong><\/a>, <em>The<strong> <\/strong>Washington Post<\/em>, July (2017)<\/p>\n\n\n\n<p><a href=\"http:\/\/www.weltderphysik.de\/gebiet\/fluide\/news\/2017\/leidenfrost-effekt-laesst-auch-weiche-kuegelchen-huepfen\/\"><strong>Leidenfrost-Effekt l\u00e4sst weiche K\u00fcgelchen h\u00fcpfen<\/strong><\/a>, <em>Welt der Physik<\/em>, July (2017)<\/p>\n\n\n\n<p><a href=\"https:\/\/phys.org\/news\/2017-07-elastic-leidenfrost-effect-enables-soft.html\"><strong>Elastic Leidenfrost enables soft engines<\/strong><\/a>, <em>Phys.org<\/em>, July (2017)<\/p>\n\n\n\n<p><strong>*<\/strong><a href=\"https:\/\/www.volkskrant.nl\/wetenschap\/van-grap-en-youtube-hit-tot-nature-publicatie-waarom-hydrogelballetjes-stuiteren-in-een-pan~a4507910\/\"><strong>Van grap en YouTube-hit tot Nature-publicatie: &nbsp;waarom hydrogelballetjes stuiteren in een pan<\/strong><\/a><strong>,&nbsp;<\/strong><em>De Volkskrant<\/em>, July (2017)<\/p>\n\n\n\n<p><a href=\"https:\/\/www.newscientist.com\/article\/2141618-screaming-gel-balls-reveal-a-way-to-power-soft-but-noisy-robots\/\"><strong>Screaming gel balls reveal a way to power soft but noisy robots<\/strong><\/a>, <em>New Scientist<strong>, <\/strong><\/em>July (2017)<\/p>\n\n\n\n<p><a href=\"https:\/\/www.inverse.com\/article\/34606-shrieking-hydrogel-balls-could-power-soft-robots\"><strong>Let&#8217;s power robots with shrieking balls<\/strong><\/a><strong><em>, <\/em><\/strong><em>Inverse<\/em>, July (2017).<\/p>\n\n\n\n<p><strong>*<\/strong><a href=\"https:\/\/www.youtube.com\/watch?v=4g2wbjqGRQk&amp;feature=youtu.be\"><strong>Doorbraak in de aandrijving van zachte robots<\/strong><\/a><strong>, <\/strong><em>RTL4 Nieuws Holland<strong>, <\/strong><\/em>July (2017)<\/p>\n\n\n\n<p><a href=\"http:\/\/ingenieria.uchile.cl\/noticias\/129769\/fisicos-y-astronomos-ganan-fondo-para-estudiar-formacion-de-planetas\"><strong>F\u00edsicos y astr\u00f3nomos ganan fondo para estudiar la formaci\u00f3n de planetas<\/strong><\/a><strong>, <\/strong><em>Noticias de la Universidad de Chile, <\/em>December (2016)<\/p>\n\n\n\n<p><a href=\"http:\/\/www.physicscentral.com\/buzz\/blog\/index.cfm?postid=8242600219771586817\"><strong>Leidenfrost effect puts perpetual bounce into Hydrogel Beads<\/strong><\/a>, <em>Physics Central<\/em>, March (2016)<\/p>\n\n\n\n<p><a href=\"https:\/\/www.insidescience.org\/news\/hydrogel-beads-key-ingredient-recipe-sustained-bouncing\"><strong>Hydrogel beads key recipe for sustained bouncing<\/strong><\/a>, <em>Inside Science News<\/em>, March (2016)<\/p>\n\n\n\n<p><strong>*<\/strong><a href=\"http:\/\/www.nature.com\/nphys\/journal\/v11\/n9\/full\/nphys3417.html\"><strong>Granular matter: &nbsp;charges dropped<\/strong><\/a>, Frank Spahn and Martin Sei\u03b2, <em>Nature Physics News and Views<\/em>, August (2015)<\/p>\n\n\n\n<p><a href=\"http:\/\/www.tendencias21.net\/Simulan-en-laborario-como-empiezan-a-formarse-los-planetas_a40958.html\"><strong>Simulan en laboratorio como empiezan a formarse los planetas<\/strong><\/a><strong>, <\/strong><em>Tendencias Cient\u00edficas<\/em>, August (2015)<\/p>\n\n\n\n<p><a href=\"http:\/\/www.dailymail.co.uk\/sciencetech\/article-3186991\/Creating-PLANETS-laboratory-particles-clump-space-one-one-observed-time.html\"><strong>Creating &#8216;Planets&#8217; in a laboratory: &nbsp;How particles clump together to create new worlds observed for the first time<\/strong><\/a>, <em>Daily Mail<\/em><strong>,<\/strong> August (2015)<\/p>\n\n\n\n<p><a href=\"https:\/\/news.uchicago.edu\/article\/2015\/08\/03\/lab-experiment-mimics-early-stage-planetary-formation-process\"><strong>Lab experiment mimics early-stage planet formation process<\/strong><\/a>, <em>UChicago News<\/em>, August (2015)<\/p>\n\n\n\n<p><a href=\"http:\/\/www.futurity.org\/particles-mimic-planet-formation-974822\/\"><strong>Watch: &nbsp;Clumps of particles mimic how planets form<\/strong><\/a><em>, Futurity<\/em>, August (2015)<\/p>\n\n\n\n<p><a href=\"https:\/\/physics.aps.org\/articles\/v7\/58\"><strong>Focus: &nbsp;Electrons not the cause of charged grains<\/strong><\/a><strong><em>, <\/em><\/strong><em>APS Focus<\/em>, May (2014)<\/p>\n\n\n\n<p><a href=\"https:\/\/gizmodo.com\/we-still-dont-know-how-static-electricity-works-1579257797\"><strong>We still don&#8217;t know how static electricity works<\/strong><\/a><strong><em>, <\/em><\/strong><em>Gizmodo<\/em>, May (2014)<\/p>\n\n\n\n<p><a href=\"http:\/\/www.sciencemag.org\/news\/2014\/05\/static-electricity-defies-simple-explanation\"><strong>Static electricity defies simple explanation<\/strong><\/a>, <em>Science News<\/em>, May (2014)<\/p>\n\n\n\n<p><a href=\"https:\/\/www.businessinsider.com.au\/walk-on-water-non-newtonian-fluid-2014-1\"><strong>Viral video shows people walking and dancing on liquid<\/strong><\/a><strong>, <\/strong><em>Business Insider<\/em>, January (2014)<\/p>\n\n\n\n<p><a href=\"http:\/\/jfi.uchicago.edu\/~jaeger\/group\/Granular_Dynamics\/Projects\/Entries\/2013\/6\/1_RSI_Podcast.html\"><strong>Review of Scientific Instruments Podcast<\/strong><\/a><strong>, <\/strong>June (2013)<\/p>\n\n\n\n<p><a href=\"https:\/\/www.scientificcomputing.com\/news\/2012\/07\/clearing-oobleck-physics-mystery\"><strong>Clearing up the oobleck physics mystery<\/strong><\/a><strong><em>, <\/em><\/strong><em>Scientific Computing<\/em>, July (2012)<\/p>\n\n\n\n<p><strong>*<\/strong><a href=\"http:\/\/content.time.com\/time\/health\/article\/0,8599,2119700,00.html\"><strong>Geek party! &nbsp;How to run across a pool of goo<\/strong><\/a><strong>, <\/strong><em><strong>Time<\/strong><\/em>, July (2012)<\/p>\n\n\n\n<p><strong>*<\/strong><a href=\"http:\/\/discovermagazine.com\/2012\/jul-aug\/17-running-on-physics-why-you-can-walk-on-cornstarch-and-water\"><strong>Running on Physics: &nbsp;Why you can walk on Water and Cornstarch<\/strong><\/a><strong>, <\/strong><em>Discover<\/em>, July (2012)<\/p>\n\n\n\n<p><a href=\"https:\/\/www.sciencenews.org\/article\/how-walk-water\"><strong>How to walk on water<\/strong><\/a>,<em> Science News<\/em>, July (2012)<\/p>\n\n\n\n<p><a href=\"http:\/\/www.futurity.org\/mystery-solved-why-impact-turns-liquid-solid\/\"><strong>Mystery solved: &nbsp;why impact turns liquid solid<\/strong><\/a>, <em>Futurity<\/em>, July (2012)<\/p>\n\n\n\n<p><a href=\"https:\/\/www.chemistryworld.com\/news\/why-can-we-walk-on-custard\/5212.article\"><strong>Why can we walk on custard?<\/strong><\/a><strong>, <\/strong><em>Chemistry World<\/em><strong>, <\/strong>July (2012)<\/p>\n\n\n\n<p>*<a href=\"http:\/\/www.bbc.com\/news\/science-environment-18800017\"><strong>Cornflour&#8217;s gooey trick revealed<\/strong><\/a><em>, BBC, <\/em>July (2012)<\/p>\n\n\n\n<p><a href=\"https:\/\/news.uchicago.edu\/article\/2012\/07\/12\/messy-experiment-cleans-physics-mystery-cornstarch\"><strong>Messy experiment cleans up physics mystery of cornstarch<\/strong><\/a><strong>, <\/strong><em>UChicago New, <\/em>July (2012)<\/p>\n\n\n\n<p>*<a href=\"http:\/\/www.nature.com\/nature\/podcast\/index-2012-07-12.html?foxtrotcallback=true\"><strong>How to walk on custard<\/strong><\/a><strong>,<\/strong> <em>Nature Podcast<\/em>, July (2012)<\/p>\n\n\n\n<p><a href=\"http:\/\/www.pro-physik.de\/details\/news\/2203231\/Uebers_Wasser-Staerke-Gemisch_gehen.html\"><strong>\u00dcber Wasser(-St\u00e4rke-Gemisch) gehen<\/strong><\/a><strong>\u2026<\/strong>, <em>pro-physik.de, <\/em>July (2012)<\/p>\n\n\n\n<p>*<a href=\"http:\/\/www.sciencemag.org\/news\/2012\/07\/cornstarch-physics-shear-nonsense\"><strong>Cornstarch physics is shear nonsense<\/strong><\/a>, <em>Science News<\/em>, July (2012)<\/p>\n\n\n\n<p><a href=\"https:\/\/www.wired.com\/2012\/07\/oobleck-explained\/\"><strong>Defying gravity: &nbsp;when strange liquids act like solids<\/strong><\/a><strong><em>, <\/em><\/strong><em>Wired<\/em>, July (2012)<\/p>\n\n\n\n<p><a href=\"https:\/\/www.livescience.com\/21530-walking-on-water-physics-dr-seuss.html\"><strong>How to walk on water with help from Dr. Seuss&#8217;s ooblek<\/strong><\/a><strong>, <\/strong><em>Live Science<strong>, <\/strong><\/em>July (2012)<\/p>\n\n\n\n<p><a href=\"https:\/\/arstechnica.com\/science\/2012\/07\/a-striking-experiment-shows-why-quicksand-solidifies\/\"><strong>A striking experiment shows how you can run on quicksand<\/strong><\/a>, <em>Ars Technica<\/em>, July (2012)<\/p>\n\n\n\n<p><strong>*<\/strong><a href=\"http:\/\/www.popularmechanics.com\/science\/environment\/a7802\/the-reason-you-can-walk-on-water-and-cornstarch-10555366\/\"><strong>The reason you can walk on water (and cornstarch)<\/strong><\/a>, <em>Popular Mechanics<\/em>, July (2012)<\/p>\n\n\n\n<p><strong>*<\/strong><a href=\"https:\/\/www.nature.com\/nature\/journal\/v487\/n7406\/full\/487174a.html\"><strong>Soft matter: &nbsp;running on cornflour,<\/strong><\/a> Martin van Hecke, <em>Nature News and Views<\/em>, November (2012).<\/p>\n\n\n\n<p><a href=\"https:\/\/www.wbez.org\/shows\/wbez-news\/clever-apes-uncanny-slime\/dc33eb94-7291-4769-adde-7e92c2ad77f1\"><strong>Clever Apes:&nbsp; Uncanny Slime,<\/strong><\/a> <em>WBEZ Chicago Clever Apes Blog<strong>, <\/strong><\/em>November (2011)<\/p>\n\n\n\n<p><a href=\"https:\/\/www.livescience.com\/5506-sand-flow-water.html\"><strong>Sand found to flow like water<\/strong><\/a>, <em>Live Science<\/em>, July (2009)<\/p>\n\n\n\n<p><a href=\"https:\/\/www.nature.com\/nature\/journal\/v459\/n7250\/full\/4591064a.html\"><strong>Granular media: &nbsp;structures in sand streams<\/strong><\/a>, Detlef Lohse and Deveraj van der Meer, <em>Nature News and Views<\/em>, July (2009)<\/p>\n","protected":false},"excerpt":{"rendered":"<p>*A fold strategy, Nature Physics News and Views, October (2019) *New wrinkle on origami turns designing folding structures into child&#8217;s play, Science News, October (2019) Een ongewoon Leidenfrosteffect, Nederlandse Tijdschrift voor Natuurkunde, June (2018) Pancake Science, Amsterdam Science, May (2018) Physicist saw a video on IFLScience and ended up writing a scientific study about it,&nbsp;IFLScience, <a class=\"more-link\" href=\"https:\/\/waitukaitis.pages.ist.ac.at\/?page_id=63\">Read More &#8230;<\/a><\/p>\n","protected":false},"author":807,"featured_media":0,"parent":0,"menu_order":5,"comment_status":"closed","ping_status":"closed","template":"","meta":{"footnotes":""},"class_list":["post-63","page","type-page","status-publish","hentry"],"_links":{"self":[{"href":"https:\/\/waitukaitis.pages.ist.ac.at\/index.php?rest_route=\/wp\/v2\/pages\/63","targetHints":{"allow":["GET"]}}],"collection":[{"href":"https:\/\/waitukaitis.pages.ist.ac.at\/index.php?rest_route=\/wp\/v2\/pages"}],"about":[{"href":"https:\/\/waitukaitis.pages.ist.ac.at\/index.php?rest_route=\/wp\/v2\/types\/page"}],"author":[{"embeddable":true,"href":"https:\/\/waitukaitis.pages.ist.ac.at\/index.php?rest_route=\/wp\/v2\/users\/807"}],"replies":[{"embeddable":true,"href":"https:\/\/waitukaitis.pages.ist.ac.at\/index.php?rest_route=%2Fwp%2Fv2%2Fcomments&post=63"}],"version-history":[{"count":13,"href":"https:\/\/waitukaitis.pages.ist.ac.at\/index.php?rest_route=\/wp\/v2\/pages\/63\/revisions"}],"predecessor-version":[{"id":486,"href":"https:\/\/waitukaitis.pages.ist.ac.at\/index.php?rest_route=\/wp\/v2\/pages\/63\/revisions\/486"}],"wp:attachment":[{"href":"https:\/\/waitukaitis.pages.ist.ac.at\/index.php?rest_route=%2Fwp%2Fv2%2Fmedia&parent=63"}],"curies":[{"name":"wp","href":"https:\/\/api.w.org\/{rel}","templated":true}]}}